{"id":1210,"date":"2021-01-13T11:44:09","date_gmt":"2021-01-13T10:44:09","guid":{"rendered":"https:\/\/www.focus-obs.org\/a-propos-de-ce-projet\/why\/"},"modified":"2021-06-08T10:44:51","modified_gmt":"2021-06-08T08:44:51","slug":"pourquoi","status":"publish","type":"page","link":"https:\/\/www.focus-obs.org\/fr\/a-propos-de-ce-projet\/pourquoi\/","title":{"rendered":"\u00c1 propos de ce projet &#8211; Pourquoi"},"content":{"rendered":"\t\t<div data-elementor-type=\"wp-page\" data-elementor-id=\"1210\" class=\"elementor elementor-1210 elementor-475\" data-elementor-post-type=\"page\">\n\t\t\t\t\t\t<section class=\"elementor-section elementor-top-section elementor-element elementor-element-bb49205 elementor-section-boxed elementor-section-height-default elementor-section-height-default\" data-id=\"bb49205\" data-element_type=\"section\" data-settings=\"{&quot;jet_parallax_layout_list&quot;:[{&quot;jet_parallax_layout_image&quot;:{&quot;url&quot;:&quot;&quot;,&quot;id&quot;:&quot;&quot;,&quot;size&quot;:&quot;&quot;},&quot;_id&quot;:&quot;8137866&quot;,&quot;jet_parallax_layout_image_tablet&quot;:{&quot;url&quot;:&quot;&quot;,&quot;id&quot;:&quot;&quot;,&quot;size&quot;:&quot;&quot;},&quot;jet_parallax_layout_image_mobile&quot;:{&quot;url&quot;:&quot;&quot;,&quot;id&quot;:&quot;&quot;,&quot;size&quot;:&quot;&quot;},&quot;jet_parallax_layout_speed&quot;:{&quot;unit&quot;:&quot;%&quot;,&quot;size&quot;:50,&quot;sizes&quot;:[]},&quot;jet_parallax_layout_type&quot;:&quot;scroll&quot;,&quot;jet_parallax_layout_direction&quot;:null,&quot;jet_parallax_layout_fx_direction&quot;:null,&quot;jet_parallax_layout_z_index&quot;:&quot;&quot;,&quot;jet_parallax_layout_bg_x&quot;:50,&quot;jet_parallax_layout_bg_x_tablet&quot;:&quot;&quot;,&quot;jet_parallax_layout_bg_x_mobile&quot;:&quot;&quot;,&quot;jet_parallax_layout_bg_y&quot;:50,&quot;jet_parallax_layout_bg_y_tablet&quot;:&quot;&quot;,&quot;jet_parallax_layout_bg_y_mobile&quot;:&quot;&quot;,&quot;jet_parallax_layout_bg_size&quot;:&quot;auto&quot;,&quot;jet_parallax_layout_bg_size_tablet&quot;:&quot;&quot;,&quot;jet_parallax_layout_bg_size_mobile&quot;:&quot;&quot;,&quot;jet_parallax_layout_animation_prop&quot;:&quot;transform&quot;,&quot;jet_parallax_layout_on&quot;:[&quot;desktop&quot;,&quot;tablet&quot;]}]}\">\n\t\t\t\t\t\t<div class=\"elementor-container elementor-column-gap-default\">\n\t\t\t\t\t<div class=\"elementor-column elementor-col-100 elementor-top-column elementor-element elementor-element-a2cd3f9\" data-id=\"a2cd3f9\" data-element_type=\"column\">\n\t\t\t<div class=\"elementor-widget-wrap elementor-element-populated\">\n\t\t\t\t\t\t<div class=\"elementor-element elementor-element-14c3995 elementor-widget elementor-widget-heading\" data-id=\"14c3995\" data-element_type=\"widget\" data-widget_type=\"heading.default\">\n\t\t\t\t<div class=\"elementor-widget-container\">\n\t\t\t\t\t<h1 class=\"elementor-heading-title elementor-size-default\">\u00c0 propos de ce projet<\/h1>\t\t\t\t<\/div>\n\t\t\t\t<\/div>\n\t\t\t\t\t<\/div>\n\t\t<\/div>\n\t\t\t\t\t<\/div>\n\t\t<\/section>\n\t\t\t\t<section class=\"elementor-section elementor-top-section elementor-element elementor-element-20e75ab elementor-section-boxed elementor-section-height-default elementor-section-height-default\" data-id=\"20e75ab\" data-element_type=\"section\" data-settings=\"{&quot;jet_parallax_layout_list&quot;:[{&quot;jet_parallax_layout_image&quot;:{&quot;url&quot;:&quot;&quot;,&quot;id&quot;:&quot;&quot;,&quot;size&quot;:&quot;&quot;},&quot;_id&quot;:&quot;7e94ae6&quot;,&quot;jet_parallax_layout_image_tablet&quot;:{&quot;url&quot;:&quot;&quot;,&quot;id&quot;:&quot;&quot;,&quot;size&quot;:&quot;&quot;},&quot;jet_parallax_layout_image_mobile&quot;:{&quot;url&quot;:&quot;&quot;,&quot;id&quot;:&quot;&quot;,&quot;size&quot;:&quot;&quot;},&quot;jet_parallax_layout_speed&quot;:{&quot;unit&quot;:&quot;%&quot;,&quot;size&quot;:50,&quot;sizes&quot;:[]},&quot;jet_parallax_layout_type&quot;:&quot;scroll&quot;,&quot;jet_parallax_layout_direction&quot;:null,&quot;jet_parallax_layout_fx_direction&quot;:null,&quot;jet_parallax_layout_z_index&quot;:&quot;&quot;,&quot;jet_parallax_layout_bg_x&quot;:50,&quot;jet_parallax_layout_bg_x_tablet&quot;:&quot;&quot;,&quot;jet_parallax_layout_bg_x_mobile&quot;:&quot;&quot;,&quot;jet_parallax_layout_bg_y&quot;:50,&quot;jet_parallax_layout_bg_y_tablet&quot;:&quot;&quot;,&quot;jet_parallax_layout_bg_y_mobile&quot;:&quot;&quot;,&quot;jet_parallax_layout_bg_size&quot;:&quot;auto&quot;,&quot;jet_parallax_layout_bg_size_tablet&quot;:&quot;&quot;,&quot;jet_parallax_layout_bg_size_mobile&quot;:&quot;&quot;,&quot;jet_parallax_layout_animation_prop&quot;:&quot;transform&quot;,&quot;jet_parallax_layout_on&quot;:[&quot;desktop&quot;,&quot;tablet&quot;]}]}\">\n\t\t\t\t\t\t<div class=\"elementor-container elementor-column-gap-default\">\n\t\t\t\t\t<div class=\"elementor-column elementor-col-100 elementor-top-column elementor-element elementor-element-5becdb4\" data-id=\"5becdb4\" data-element_type=\"column\">\n\t\t\t<div class=\"elementor-widget-wrap elementor-element-populated\">\n\t\t\t\t\t\t<div class=\"elementor-element elementor-element-48ea6fa elementor-widget elementor-widget-heading\" data-id=\"48ea6fa\" data-element_type=\"widget\" data-widget_type=\"heading.default\">\n\t\t\t\t<div class=\"elementor-widget-container\">\n\t\t\t\t\t<h2 class=\"elementor-heading-title elementor-size-default\">Pourquoi<\/h2>\t\t\t\t<\/div>\n\t\t\t\t<\/div>\n\t\t\t\t<div class=\"elementor-element elementor-element-9b9d363 elementor-widget elementor-widget-heading\" data-id=\"9b9d363\" data-element_type=\"widget\" data-widget_type=\"heading.default\">\n\t\t\t\t<div class=\"elementor-widget-container\">\n\t\t\t\t\t<h3 class=\"elementor-heading-title elementor-size-default\">Pourquoi a-t-on besoin de politiques publiques pour la protection des d\u00e9fenseur\u00b7e\u00b7s des droits humains ?<\/h3>\t\t\t\t<\/div>\n\t\t\t\t<\/div>\n\t\t\t\t<div class=\"elementor-element elementor-element-34f5e2a elementor-widget elementor-widget-text-editor\" data-id=\"34f5e2a\" data-element_type=\"widget\" data-widget_type=\"text-editor.default\">\n\t\t\t\t<div class=\"elementor-widget-container\">\n\t\t\t\t\t\t\t\t\t<p>Bien que la soci\u00e9t\u00e9 dans son ensemble joue un r\u00f4le dans la construction d\u2019un environnement favorable \u00e0 la d\u00e9fense des droits humains, ce sont en d\u00e9finitive les \u00c9tats et leurs autorit\u00e9s publiques qui sont responsables de prot\u00e9ger les DDH et, de fa\u00e7on plus g\u00e9n\u00e9rale, de garantir leur capacit\u00e9 d\u2019exercer le droit de d\u00e9fendre les droits humains. Il existe une grande diversit\u00e9 de normes et recommandations, \u00e9mises par des instances internationales et r\u00e9gionales des droits humains, qui soulignent l\u2019obligation qui incombe \u00e0 l\u2019\u00c9tat de garantir que les d\u00e9fenseur\u00b7e\u00b7s puissent d\u00e9fendre les droits sans crainte des menaces et agressions.<\/p><p>Ces recommandations devraient \u00eatre suivies int\u00e9gralement. Cela commence par la mise en place d\u2019un cadre l\u00e9gal propice et d\u2019une s\u00e9rie de politiques publiques qui coordonnent les actions entre institutions, aussi bien pour pr\u00e9venir les agressions que pour y r\u00e9agir rapidement lorsqu\u2019elles se produisent.<\/p><p>En pratique, toutefois, nous avons observ\u00e9 que de nombreux \u00c9tats n\u2019ont pas encore adopt\u00e9 de politiques int\u00e9grales luttant contre les violences \u00e0 l\u2019encontre des d\u00e9fenseur\u00b7e\u00b7s des droits humains. Seuls quelques-uns d\u2019entre eux se sont dot\u00e9s de m\u00e9canismes de protection, qui d\u2019ailleurs se concentrent essentiellement sur des mesures de s\u00e9curit\u00e9 ponctuelles insuffisantes, telles que les boutons d\u2019alarme, les gilets pare-balles, les cam\u00e9ras de surveillance ou le recours \u00e0 des gardes du corps. En r\u00e9alit\u00e9, ces mesures ne r\u00e9duisent pas la violence \u00e0 l\u2019\u00e9gard des d\u00e9fenseur\u00b7e\u00b7s, puisqu\u2019elles ne s\u2019attaquent pas aux causes profondes de la violence structurelle qui met les DDH en danger.<\/p>\t\t\t\t\t\t\t\t<\/div>\n\t\t\t\t<\/div>\n\t\t\t\t<div class=\"elementor-element elementor-element-24ad94f elementor-widget elementor-widget-text-editor\" data-id=\"24ad94f\" data-element_type=\"widget\" data-widget_type=\"text-editor.default\">\n\t\t\t\t<div class=\"elementor-widget-container\">\n\t\t\t\t\t\t\t\t\t<p><em>Le probl\u00e8me de la violence \u00e0 l\u2019encontre des DDH est un sujet complexe qui ne peut \u00eatre r\u00e9solu par des m\u00e9canismes de protection fonctionnant isol\u00e9ment des autres institutions gouvernementales et \u00e9tatiques. Il doit \u00eatre abord\u00e9 de plusieurs angles, en coordonnant les actions de diff\u00e9rents acteurs institutionnels. Face \u00e0 cette complexit\u00e9, la meilleure approche est celle des politiques publiques.<\/em><\/p>\t\t\t\t\t\t\t\t<\/div>\n\t\t\t\t<\/div>\n\t\t\t\t<div class=\"elementor-element elementor-element-ce59da4 elementor-widget elementor-widget-text-editor\" data-id=\"ce59da4\" data-element_type=\"widget\" data-widget_type=\"text-editor.default\">\n\t\t\t\t<div class=\"elementor-widget-container\">\n\t\t\t\t\t\t\t\t\t<p><strong><em>Les m\u00e9canismes et mesures de protection devraient faire partie de politiques publiques plus g\u00e9n\u00e9rales qui coordonnent les lois, instruments et actions visant \u00e0 garantir le droit de d\u00e9fendre les droits humains.<\/em><\/strong><\/p>\t\t\t\t\t\t\t\t<\/div>\n\t\t\t\t<\/div>\n\t\t\t\t<div class=\"elementor-element elementor-element-6ba4000 elementor-widget elementor-widget-text-editor\" data-id=\"6ba4000\" data-element_type=\"widget\" data-widget_type=\"text-editor.default\">\n\t\t\t\t<div class=\"elementor-widget-container\">\n\t\t\t\t\t\t\t\t\t<p>Toute politique publique portant sur la protection des DDH devra reposer sur une compr\u00e9hension vaste et approfondie de la D\u00e9claration sur le droit et la responsabilit\u00e9 des individus, groupes et organes de la soci\u00e9t\u00e9 de promouvoir et prot\u00e9ger les droits de l\u2019homme et les libert\u00e9s fondamentales universellement reconnus (commun\u00e9ment appel\u00e9e <a href=\"https:\/\/www.ohchr.org\/Documents\/Issues\/Defenders\/Declaration\/declaration_fr.pdf\">D\u00e9claration des Nations Unies sur les d\u00e9fenseur\u00b7e\u00b7s<\/a>). Elle devrait par ailleurs examiner et mettre en \u0153uvre le corpus croissant de normes d\u00e9coulant des r\u00e9solutions et d\u00e9clarations ult\u00e9rieures de l\u2019ONU, ainsi que de celles qui ont \u00e9t\u00e9 adopt\u00e9es par les instances r\u00e9gionales.<\/p><p>Faisant office de feuille de route afin d\u2019am\u00e9liorer l\u2019environnement pour les DDH, les politiques publiques exigent d\u2019\u00eatre soigneusement planifi\u00e9es et mises en \u0153uvre, r\u00e9guli\u00e8rement \u00e9valu\u00e9es et corrig\u00e9es si n\u00e9cessaire. Des proc\u00e9dures pr\u00e9\u00e9tablies et une expertise technique sont cruciales pour contrebalancer l\u2019influence politique dans le cadre du processus de d\u00e9cision des politiques. Id\u00e9alement, une grande diversit\u00e9 d\u2019experts sont consult\u00e9s lorsqu\u2019on \u00e9labore ces politiques publiques\u00a0: non seulement ceux du gouvernement, mais aussi des d\u00e9fenseur\u00b7e\u00b7s des droits humains et des membres de la soci\u00e9t\u00e9 civile au niveau national et international.<\/p>\t\t\t\t\t\t\t\t<\/div>\n\t\t\t\t<\/div>\n\t\t\t\t<div class=\"elementor-element elementor-element-3b43569 elementor-widget elementor-widget-image\" data-id=\"3b43569\" data-element_type=\"widget\" data-widget_type=\"image.default\">\n\t\t\t\t<div class=\"elementor-widget-container\">\n\t\t\t\t\t\t\t\t\t\t\t\t\t\t\t<img fetchpriority=\"high\" decoding=\"async\" width=\"1600\" height=\"900\" src=\"https:\/\/www.focus-obs.org\/wp-content\/uploads\/2021\/06\/FOCUS-FR-3.png\" class=\"attachment-full size-full wp-image-2454\" alt=\"\" srcset=\"https:\/\/www.focus-obs.org\/wp-content\/uploads\/2021\/06\/FOCUS-FR-3.png 1600w, https:\/\/www.focus-obs.org\/wp-content\/uploads\/2021\/06\/FOCUS-FR-3-300x169.png 300w, https:\/\/www.focus-obs.org\/wp-content\/uploads\/2021\/06\/FOCUS-FR-3-1024x576.png 1024w, https:\/\/www.focus-obs.org\/wp-content\/uploads\/2021\/06\/FOCUS-FR-3-768x432.png 768w, https:\/\/www.focus-obs.org\/wp-content\/uploads\/2021\/06\/FOCUS-FR-3-1536x864.png 1536w\" sizes=\"(max-width: 1600px) 100vw, 1600px\" \/>\t\t\t\t\t\t\t\t\t\t\t\t\t\t\t<\/div>\n\t\t\t\t<\/div>\n\t\t\t\t<div class=\"elementor-element elementor-element-dc6e6aa elementor-widget elementor-widget-heading\" data-id=\"dc6e6aa\" data-element_type=\"widget\" data-widget_type=\"heading.default\">\n\t\t\t\t<div class=\"elementor-widget-container\">\n\t\t\t\t\t<h3 class=\"elementor-heading-title elementor-size-default\">Comment cet Observatoire aide-t-il \u00e0 b\u00e2tir de meilleures politiques de protection et un meilleur environnement pour les DDH ?<\/h3>\t\t\t\t<\/div>\n\t\t\t\t<\/div>\n\t\t\t\t<div class=\"elementor-element elementor-element-e92241e elementor-widget elementor-widget-text-editor\" data-id=\"e92241e\" data-element_type=\"widget\" data-widget_type=\"text-editor.default\">\n\t\t\t\t<div class=\"elementor-widget-container\">\n\t\t\t\t\t\t\t\t\t<p>Depuis l\u2019adoption de la <a href=\"https:\/\/www.ohchr.org\/Documents\/Issues\/Defenders\/Declaration\/declaration_fr.pdf\">D\u00e9claration des Nations Unies sur les d\u00e9fenseur\u00b7e\u00b7s<\/a> en 1998, de plus en plus d\u2019\u00c9tats \u0153uvrent en vue de l\u2019adoption de lois et de m\u00e9canismes prot\u00e9geant les DDH. Mais au vu de la complexit\u00e9 et de l\u2019\u00e9volution rapide de la nature de ce travail, il n\u2019est pas toujours facile de trouver des informations utiles et actualis\u00e9es concernant ce qui fonctionne ou pas.<\/p><p>L\u2019Observatoire vise \u00e0 accompagner les d\u00e9bats publics en cours concernant les politiques publiques nationales de protection des DDH, ainsi qu\u2019\u00e0 faire en sorte que la D\u00e9claration des Nations Unies sur les d\u00e9fenseur\u00b7e\u00b7s soit traduite en actes concrets des \u00c9tats. Rappelons que l\u2019analyse de PI est bas\u00e9e sur des ann\u00e9es d\u2019exp\u00e9rience, et tient ainsi compte de divers obstacles qui peuvent entraver le droit de d\u00e9fendre les droits humains au fil du temps.<\/p><p>L\u2019Observatoire est un outil pratique pour les entit\u00e9s tenues par des obligations, les d\u00e9cideur\u00b7se\u00b7s, la soci\u00e9t\u00e9 civile et les autres acteurs impliqu\u00e9s dans la protection des DDH. Gr\u00e2ce \u00e0 sa base de donn\u00e9es, les parties prenantes peuvent acc\u00e9der \u00e0 des informations pertinentes, rester \u00e0 jour des \u00e9volutions des politiques et rechercher des orientations ou des r\u00e9f\u00e9rences concernant les meilleures pratiques d\u2019autres pays.<\/p><p>En r\u00e9sum\u00e9, l\u2019Observatoire se veut une source d\u2019inspiration pour tou\u00b7te\u00b7s celles et ceux qui \u0153uvrent \u00e0 b\u00e2tir des politiques nationales efficaces faisant respecter le droit de d\u00e9fendre les droits humains.<\/p>\t\t\t\t\t\t\t\t<\/div>\n\t\t\t\t<\/div>\n\t\t\t\t\t<\/div>\n\t\t<\/div>\n\t\t\t\t\t<\/div>\n\t\t<\/section>\n\t\t\t\t<section class=\"elementor-section elementor-top-section elementor-element elementor-element-6b32080 elementor-section-boxed elementor-section-height-default elementor-section-height-default\" data-id=\"6b32080\" data-element_type=\"section\" data-settings=\"{&quot;jet_parallax_layout_list&quot;:[{&quot;jet_parallax_layout_image&quot;:{&quot;url&quot;:&quot;&quot;,&quot;id&quot;:&quot;&quot;,&quot;size&quot;:&quot;&quot;},&quot;_id&quot;:&quot;042dfe4&quot;,&quot;jet_parallax_layout_image_tablet&quot;:{&quot;url&quot;:&quot;&quot;,&quot;id&quot;:&quot;&quot;,&quot;size&quot;:&quot;&quot;},&quot;jet_parallax_layout_image_mobile&quot;:{&quot;url&quot;:&quot;&quot;,&quot;id&quot;:&quot;&quot;,&quot;size&quot;:&quot;&quot;},&quot;jet_parallax_layout_speed&quot;:{&quot;unit&quot;:&quot;%&quot;,&quot;size&quot;:50,&quot;sizes&quot;:[]},&quot;jet_parallax_layout_type&quot;:&quot;scroll&quot;,&quot;jet_parallax_layout_direction&quot;:null,&quot;jet_parallax_layout_fx_direction&quot;:null,&quot;jet_parallax_layout_z_index&quot;:&quot;&quot;,&quot;jet_parallax_layout_bg_x&quot;:50,&quot;jet_parallax_layout_bg_x_tablet&quot;:&quot;&quot;,&quot;jet_parallax_layout_bg_x_mobile&quot;:&quot;&quot;,&quot;jet_parallax_layout_bg_y&quot;:50,&quot;jet_parallax_layout_bg_y_tablet&quot;:&quot;&quot;,&quot;jet_parallax_layout_bg_y_mobile&quot;:&quot;&quot;,&quot;jet_parallax_layout_bg_size&quot;:&quot;auto&quot;,&quot;jet_parallax_layout_bg_size_tablet&quot;:&quot;&quot;,&quot;jet_parallax_layout_bg_size_mobile&quot;:&quot;&quot;,&quot;jet_parallax_layout_animation_prop&quot;:&quot;transform&quot;,&quot;jet_parallax_layout_on&quot;:[&quot;desktop&quot;,&quot;tablet&quot;]}]}\">\n\t\t\t\t\t\t<div class=\"elementor-container elementor-column-gap-default\">\n\t\t\t\t\t<div class=\"elementor-column elementor-col-100 elementor-top-column elementor-element elementor-element-2a0d0e0\" data-id=\"2a0d0e0\" data-element_type=\"column\">\n\t\t\t<div class=\"elementor-widget-wrap elementor-element-populated\">\n\t\t\t\t\t\t<div class=\"elementor-element elementor-element-1b8a0f5 elementor-widget elementor-widget-button\" data-id=\"1b8a0f5\" data-element_type=\"widget\" data-widget_type=\"button.default\">\n\t\t\t\t<div class=\"elementor-widget-container\">\n\t\t\t\t\t\t\t\t\t<div class=\"elementor-button-wrapper\">\n\t\t\t\t\t<a class=\"elementor-button elementor-button-link elementor-size-sm\" href=\"https:\/\/www.focus-obs.org\/fr\/a-propos-de-ce-projet\/qui\/\">\n\t\t\t\t\t\t<span class=\"elementor-button-content-wrapper\">\n\t\t\t\t\t\t<span class=\"elementor-button-icon\">\n\t\t\t\t<i aria-hidden=\"true\" class=\"far fa-arrow-alt-circle-left\"><\/i>\t\t\t<\/span>\n\t\t\t\t\t\t\t\t\t<span class=\"elementor-button-text\">\u00c0 propos de ce project - qui<\/span>\n\t\t\t\t\t<\/span>\n\t\t\t\t\t<\/a>\n\t\t\t\t<\/div>\n\t\t\t\t\t\t\t\t<\/div>\n\t\t\t\t<\/div>\n\t\t\t\t\t<\/div>\n\t\t<\/div>\n\t\t\t\t\t<\/div>\n\t\t<\/section>\n\t\t\t\t<\/div>\n\t\t","protected":false},"excerpt":{"rendered":"<p>\u00c0 propos de ce projet Pourquoi Pourquoi a-t-on besoin de politiques publiques pour la protection des d\u00e9fenseur\u00b7e\u00b7s des droits humains ? Bien que la soci\u00e9t\u00e9 dans son ensemble joue un r\u00f4le dans la construction d\u2019un environnement favorable \u00e0 la d\u00e9fense des droits humains, ce sont en d\u00e9finitive les \u00c9tats et leurs autorit\u00e9s publiques qui sont [&hellip;]<\/p>\n","protected":false},"author":1,"featured_media":0,"parent":976,"menu_order":0,"comment_status":"closed","ping_status":"closed","template":"elementor_header_footer","meta":{"_monsterinsights_skip_tracking":false,"_monsterinsights_sitenote_active":false,"_monsterinsights_sitenote_note":"","_monsterinsights_sitenote_category":0,"footnotes":""},"class_list":["post-1210","page","type-page","status-publish","hentry"],"_links":{"self":[{"href":"https:\/\/www.focus-obs.org\/fr\/wp-json\/wp\/v2\/pages\/1210","targetHints":{"allow":["GET"]}}],"collection":[{"href":"https:\/\/www.focus-obs.org\/fr\/wp-json\/wp\/v2\/pages"}],"about":[{"href":"https:\/\/www.focus-obs.org\/fr\/wp-json\/wp\/v2\/types\/page"}],"author":[{"embeddable":true,"href":"https:\/\/www.focus-obs.org\/fr\/wp-json\/wp\/v2\/users\/1"}],"replies":[{"embeddable":true,"href":"https:\/\/www.focus-obs.org\/fr\/wp-json\/wp\/v2\/comments?post=1210"}],"version-history":[{"count":26,"href":"https:\/\/www.focus-obs.org\/fr\/wp-json\/wp\/v2\/pages\/1210\/revisions"}],"predecessor-version":[{"id":2463,"href":"https:\/\/www.focus-obs.org\/fr\/wp-json\/wp\/v2\/pages\/1210\/revisions\/2463"}],"up":[{"embeddable":true,"href":"https:\/\/www.focus-obs.org\/fr\/wp-json\/wp\/v2\/pages\/976"}],"wp:attachment":[{"href":"https:\/\/www.focus-obs.org\/fr\/wp-json\/wp\/v2\/media?parent=1210"}],"curies":[{"name":"wp","href":"https:\/\/api.w.org\/{rel}","templated":true}]}}