{"id":3267,"date":"2021-06-21T15:13:12","date_gmt":"2021-06-21T13:13:12","guid":{"rendered":"https:\/\/www.focus-obs.org\/politica-de-privacidad\/"},"modified":"2021-06-21T15:16:55","modified_gmt":"2021-06-21T13:16:55","slug":"politica-de-privacidad","status":"publish","type":"page","link":"https:\/\/www.focus-obs.org\/es\/politica-de-privacidad\/","title":{"rendered":"Pol\u00edtica de privacidad"},"content":{"rendered":"\n<h1 class=\"wp-block-heading\">Pol\u00edtica de privacidad del Observatorio Focus<\/h1>\n\n\n\n<p>Para el Observatorio Focus, el sitio web de Protection International accesible desde <a href=\"https:\/\/focus-obs.org\">https:\/\/focus-obs.org<\/a>, una de nuestras principales prioridades es la privacidad de sus visitantes. Este documento de pol\u00edtica de privacidad contiene los tipos de informaci\u00f3n que recoge y registra el Observatorio Focus y c\u00f3mo la utilizamos.<\/p>\n\n\n\n<p>Si tiene preguntas adicionales o necesita m\u00e1s informaci\u00f3n sobre nuestra Pol\u00edtica de Privacidad, no dude en ponerse en contacto con nosotros. Nuestra Pol\u00edtica de Privacidad fue generada con la ayuda de\u00a0<a href=\"https:\/\/www.gdprprivacynotice.com\/\">GDPR Privacy Policy Generator from GDPRPrivacyNotice.com<\/a><\/p>\n\n\n\n<h2 class=\"wp-block-heading\">Reglamento General de Protecci\u00f3n de Datos (RGPD)<\/h2>\n\n\n\n<p>Somos responsables del tratamiento de sus datos.<\/p>\n\n\n\n<p>La base legal de Protection International para recopilar y utilizar la informaci\u00f3n personal descrita en esta Pol\u00edtica de Privacidad depende de la informaci\u00f3n personal que recopilamos y del contexto espec\u00edfico en el que recopilamos dicha informaci\u00f3n:<\/p>\n\n\n\n<ul class=\"wp-block-list\"><li>Protection International tiene la necesidad de hacer un contrato con usted<\/li><li>Usted dio permiso a Protection International para hacer esto<\/li><li>El tratamiento de sus datos personales responde a los intereses leg\u00edtimos de Protection International.<\/li><li>Protection International debe cumplir la ley<\/li><\/ul>\n\n\n\n<p>Protection International retendr\u00e1 su informaci\u00f3n personal s\u00f3lo durante el tiempo necesario para cumplir con los prop\u00f3sitos establecidos en esta Pol\u00edtica de Privacidad. Conservaremos y utilizaremos su informaci\u00f3n en la medida necesaria para cumplir con nuestras obligaciones legales, resolver conflictos y hacer cumplir nuestras pol\u00edticas.<\/p>\n\n\n\n<p>Si usted es residente en el Espacio Econ\u00f3mico Europeo (EEE), tiene ciertos derechos de protecci\u00f3n de datos. Si desea que le informemos de los datos personales que tenemos sobre usted y si desea que los eliminemos de nuestros sistemas, p\u00f3ngase en contacto con nosotros.<\/p>\n\n\n\n<p>En determinadas circunstancias, usted tiene los siguientes derechos de protecci\u00f3n de datos:<\/p>\n\n\n\n<ul class=\"wp-block-list\"><li>El derecho a acceder, actualizar o eliminar la informaci\u00f3n que tenemos sobre usted.<\/li><li>El derecho de rectificaci\u00f3n.<\/li><li>El derecho a la objeci\u00f3n.<\/li><li>El derecho a restringir.<\/li><li>Derecho a la portabilidad de los datos<\/li><li>Derecho a retirar el consentimiento<\/li><\/ul>\n\n\n\n<h2 class=\"wp-block-heading\">Archivos de registro<\/h2>\n\n\n\n<p>El Observatorio Focus sigue un procedimiento est\u00e1ndar para utilizar los archivos de registro. Estos archivos registran a los visitantes cuando visitan los sitios web. Todas las empresas de alojamiento lo hacen y forma parte del an\u00e1lisis de los servicios de alojamiento. La informaci\u00f3n recopilada por los archivos de registro incluye las direcciones de protocolo de Internet (IP), el tipo de navegador, el proveedor de servicios de Internet (ISP), la fecha y la hora, las p\u00e1ginas de referencia y de salida, y posiblemente el n\u00famero de clics. Estos datos no est\u00e1n vinculados a ninguna informaci\u00f3n personal identificable. El prop\u00f3sito de esta informaci\u00f3n es analizar tendencias, administrar el sitio, rastrear los movimientos de los usuarios en el sitio y recopilar informaci\u00f3n demogr\u00e1fica.<\/p>\n\n\n\n<h2 class=\"wp-block-heading\">Cookies y balizas web<\/h2>\n\n\n\n<p>Como cualquier otro sitio web, el Observatorio Focus utiliza \u00abcookies\u00bb. Estas cookies se utilizan para almacenar informaci\u00f3n, incluyendo las preferencias de los\/las visitantes, y las p\u00e1ginas del sitio web que el visitante ha visto o visitado. Esta informaci\u00f3n se utiliza para optimizar la experiencia del \/de las internauta mediante la personalizaci\u00f3n del contenido de nuestras p\u00e1ginas web en funci\u00f3n del tipo de navegador de los visitantes y\/o de otra informaci\u00f3n.<\/p>\n\n\n\n<p>Para obtener m\u00e1s informaci\u00f3n general sobre las cookies, lea <a href=\"https:\/\/www.privacypolicyonline.com\/what-are-cookies\/\">\u00abWhat Are Cookies\u00bb<\/a>.<\/p>\n\n\n\n<h2 class=\"wp-block-heading\">Pol\u00edtica de privacidad<\/h2>\n\n\n\n<p>Puede consultar esta lista para encontrar la pol\u00edtica de privacidad de cada uno de los socios publicitarios de Focus Observatory.<\/p>\n\n\n\n<p>Los servidores o redes publicitarias de terceros utilizan tecnolog\u00edas como cookies, JavaScript o balizas web que se utilizan en sus respectivos anuncios y enlaces que aparecen en el Observatorio Focus y se env\u00edan directamente al navegador de los\/las internautas. Cuando esto ocurre, reciben autom\u00e1ticamente su direcci\u00f3n IP. Estas tecnolog\u00edas se utilizan para medir la eficacia de sus campa\u00f1as publicitarias y\/o para personalizar el contenido publicitario que usted ve en los sitios web que visita.<\/p>\n\n\n\n<p>Tenga en cuenta que el Observatorio Focus no tiene acceso ni control sobre estas cookies, que son utilizadas por terceros anunciantes.<\/p>\n\n\n\n<h2 class=\"wp-block-heading\">Pol\u00edticas de privacidad de terceros<\/h2>\n\n\n\n<p>a pol\u00edtica de privacidad de Focus Observatory no se aplica a otros anunciantes o sitios web. Por lo tanto, le aconsejamos que consulte las respectivas pol\u00edticas de privacidad de estos servidores de anuncios de terceros para obtener informaci\u00f3n m\u00e1s detallada. Esto puede incluir sus pr\u00e1cticas e instrucciones sobre c\u00f3mo excluirse de ciertas opciones<\/p>\n\n\n\n<p>Puede optar por desactivar las cookies a trav\u00e9s de las opciones de su navegador. Para obtener informaci\u00f3n m\u00e1s detallada sobre c\u00f3mo gestionar las cookies con navegadores web espec\u00edficos, puede visitar los sitios web respectivos de dichos navegadores.<\/p>\n\n\n\n<h2 class=\"wp-block-heading\">Informaci\u00f3n sobre menores<\/h2>\n\n\n\n<p>Otra de nuestras prioridades es reforzar la protecci\u00f3n de menores en el uso de Internet. Animamos a los padres y tutores a que observen, participen y\/o supervisen y gu\u00eden su actividad en l\u00ednea.<\/p>\n\n\n\n<p>El Observatorio Focus no recoge conscientemente informaci\u00f3n personal identificable de ni\u00f1os menores de 13 a\u00f1os. Si cree que su hijo ha proporcionado dicha informaci\u00f3n en nuestro sitio web, le recomendamos encarecidamente que se ponga en contacto con nosotros inmediatamente y haremos todo lo posible para eliminar r\u00e1pidamente dicha informaci\u00f3n de nuestros registros.<\/p>\n\n\n\n<h2 class=\"wp-block-heading\">Pol\u00edtica de privacidad en l\u00ednea solamente<\/h2>\n\n\n\n<p>Nuestra pol\u00edtica de privacidad se aplica \u00fanicamente a nuestras actividades en l\u00ednea y se aplica a los visitantes de nuestro sitio web con respecto a la informaci\u00f3n que han compartido y\/o recogido en el Observatorio Focus. Esta pol\u00edtica no se aplica a la informaci\u00f3n recopilada fuera de l\u00ednea o a trav\u00e9s de canales distintos de este sitio web.<\/p>\n\n\n\n<h2 class=\"wp-block-heading\">Consentimiento<\/h2>\n\n\n\n<p>Al utilizar nuestro sitio web, usted da su consentimiento a nuestra pol\u00edtica de privacidad y acepta sus t\u00e9rminos.<\/p>\n","protected":false},"excerpt":{"rendered":"<p>Pol\u00edtica de privacidad del Observatorio Focus Para el Observatorio Focus, el sitio web de Protection International accesible desde https:\/\/focus-obs.org, una de nuestras principales prioridades es la privacidad de sus visitantes. Este documento de pol\u00edtica de privacidad contiene los tipos de informaci\u00f3n que recoge y registra el Observatorio Focus y c\u00f3mo la utilizamos. Si tiene preguntas [&hellip;]<\/p>\n","protected":false},"author":1,"featured_media":0,"parent":0,"menu_order":0,"comment_status":"closed","ping_status":"closed","template":"","meta":{"_monsterinsights_skip_tracking":false,"_monsterinsights_sitenote_active":false,"_monsterinsights_sitenote_note":"","_monsterinsights_sitenote_category":0,"footnotes":""},"class_list":["post-3267","page","type-page","status-publish","hentry"],"_links":{"self":[{"href":"https:\/\/www.focus-obs.org\/es\/wp-json\/wp\/v2\/pages\/3267","targetHints":{"allow":["GET"]}}],"collection":[{"href":"https:\/\/www.focus-obs.org\/es\/wp-json\/wp\/v2\/pages"}],"about":[{"href":"https:\/\/www.focus-obs.org\/es\/wp-json\/wp\/v2\/types\/page"}],"author":[{"embeddable":true,"href":"https:\/\/www.focus-obs.org\/es\/wp-json\/wp\/v2\/users\/1"}],"replies":[{"embeddable":true,"href":"https:\/\/www.focus-obs.org\/es\/wp-json\/wp\/v2\/comments?post=3267"}],"version-history":[{"count":2,"href":"https:\/\/www.focus-obs.org\/es\/wp-json\/wp\/v2\/pages\/3267\/revisions"}],"predecessor-version":[{"id":3270,"href":"https:\/\/www.focus-obs.org\/es\/wp-json\/wp\/v2\/pages\/3267\/revisions\/3270"}],"wp:attachment":[{"href":"https:\/\/www.focus-obs.org\/es\/wp-json\/wp\/v2\/media?parent=3267"}],"curies":[{"name":"wp","href":"https:\/\/api.w.org\/{rel}","templated":true}]}}