{"id":1124,"date":"2021-04-30T10:16:39","date_gmt":"2021-04-30T08:16:39","guid":{"rendered":"https:\/\/www.focus-obs.org\/about-us\/acerca-de-este-proyecto-por-que\/"},"modified":"2021-06-08T11:50:51","modified_gmt":"2021-06-08T09:50:51","slug":"acerca-de-este-proyecto-por-que","status":"publish","type":"page","link":"https:\/\/www.focus-obs.org\/es\/about-us\/acerca-de-este-proyecto-por-que\/","title":{"rendered":"ACERCA DE ESTE PROYECTO &#8211; POR QU\u00c9"},"content":{"rendered":"\t\t<div data-elementor-type=\"wp-page\" data-elementor-id=\"1124\" class=\"elementor elementor-1124 elementor-475\" data-elementor-post-type=\"page\">\n\t\t\t\t\t\t<section class=\"elementor-section elementor-top-section elementor-element elementor-element-bb49205 elementor-section-boxed elementor-section-height-default elementor-section-height-default\" data-id=\"bb49205\" data-element_type=\"section\" data-settings=\"{&quot;jet_parallax_layout_list&quot;:[{&quot;jet_parallax_layout_image&quot;:{&quot;url&quot;:&quot;&quot;,&quot;id&quot;:&quot;&quot;,&quot;size&quot;:&quot;&quot;},&quot;_id&quot;:&quot;8137866&quot;,&quot;jet_parallax_layout_image_tablet&quot;:{&quot;url&quot;:&quot;&quot;,&quot;id&quot;:&quot;&quot;,&quot;size&quot;:&quot;&quot;},&quot;jet_parallax_layout_image_mobile&quot;:{&quot;url&quot;:&quot;&quot;,&quot;id&quot;:&quot;&quot;,&quot;size&quot;:&quot;&quot;},&quot;jet_parallax_layout_speed&quot;:{&quot;unit&quot;:&quot;%&quot;,&quot;size&quot;:50,&quot;sizes&quot;:[]},&quot;jet_parallax_layout_type&quot;:&quot;scroll&quot;,&quot;jet_parallax_layout_direction&quot;:null,&quot;jet_parallax_layout_fx_direction&quot;:null,&quot;jet_parallax_layout_z_index&quot;:&quot;&quot;,&quot;jet_parallax_layout_bg_x&quot;:50,&quot;jet_parallax_layout_bg_x_tablet&quot;:&quot;&quot;,&quot;jet_parallax_layout_bg_x_mobile&quot;:&quot;&quot;,&quot;jet_parallax_layout_bg_y&quot;:50,&quot;jet_parallax_layout_bg_y_tablet&quot;:&quot;&quot;,&quot;jet_parallax_layout_bg_y_mobile&quot;:&quot;&quot;,&quot;jet_parallax_layout_bg_size&quot;:&quot;auto&quot;,&quot;jet_parallax_layout_bg_size_tablet&quot;:&quot;&quot;,&quot;jet_parallax_layout_bg_size_mobile&quot;:&quot;&quot;,&quot;jet_parallax_layout_animation_prop&quot;:&quot;transform&quot;,&quot;jet_parallax_layout_on&quot;:[&quot;desktop&quot;,&quot;tablet&quot;]}]}\">\n\t\t\t\t\t\t<div class=\"elementor-container elementor-column-gap-default\">\n\t\t\t\t\t<div class=\"elementor-column elementor-col-100 elementor-top-column elementor-element elementor-element-a2cd3f9\" data-id=\"a2cd3f9\" data-element_type=\"column\">\n\t\t\t<div class=\"elementor-widget-wrap elementor-element-populated\">\n\t\t\t\t\t\t<div class=\"elementor-element elementor-element-14c3995 elementor-widget elementor-widget-heading\" data-id=\"14c3995\" data-element_type=\"widget\" data-widget_type=\"heading.default\">\n\t\t\t\t<div class=\"elementor-widget-container\">\n\t\t\t\t\t<h1 class=\"elementor-heading-title elementor-size-default\">ACERCA DE ESTE PROYECTO<\/h1>\t\t\t\t<\/div>\n\t\t\t\t<\/div>\n\t\t\t\t\t<\/div>\n\t\t<\/div>\n\t\t\t\t\t<\/div>\n\t\t<\/section>\n\t\t\t\t<section class=\"elementor-section elementor-top-section elementor-element elementor-element-20e75ab elementor-section-boxed elementor-section-height-default elementor-section-height-default\" data-id=\"20e75ab\" data-element_type=\"section\" data-settings=\"{&quot;jet_parallax_layout_list&quot;:[{&quot;jet_parallax_layout_image&quot;:{&quot;url&quot;:&quot;&quot;,&quot;id&quot;:&quot;&quot;,&quot;size&quot;:&quot;&quot;},&quot;_id&quot;:&quot;7e94ae6&quot;,&quot;jet_parallax_layout_image_tablet&quot;:{&quot;url&quot;:&quot;&quot;,&quot;id&quot;:&quot;&quot;,&quot;size&quot;:&quot;&quot;},&quot;jet_parallax_layout_image_mobile&quot;:{&quot;url&quot;:&quot;&quot;,&quot;id&quot;:&quot;&quot;,&quot;size&quot;:&quot;&quot;},&quot;jet_parallax_layout_speed&quot;:{&quot;unit&quot;:&quot;%&quot;,&quot;size&quot;:50,&quot;sizes&quot;:[]},&quot;jet_parallax_layout_type&quot;:&quot;scroll&quot;,&quot;jet_parallax_layout_direction&quot;:null,&quot;jet_parallax_layout_fx_direction&quot;:null,&quot;jet_parallax_layout_z_index&quot;:&quot;&quot;,&quot;jet_parallax_layout_bg_x&quot;:50,&quot;jet_parallax_layout_bg_x_tablet&quot;:&quot;&quot;,&quot;jet_parallax_layout_bg_x_mobile&quot;:&quot;&quot;,&quot;jet_parallax_layout_bg_y&quot;:50,&quot;jet_parallax_layout_bg_y_tablet&quot;:&quot;&quot;,&quot;jet_parallax_layout_bg_y_mobile&quot;:&quot;&quot;,&quot;jet_parallax_layout_bg_size&quot;:&quot;auto&quot;,&quot;jet_parallax_layout_bg_size_tablet&quot;:&quot;&quot;,&quot;jet_parallax_layout_bg_size_mobile&quot;:&quot;&quot;,&quot;jet_parallax_layout_animation_prop&quot;:&quot;transform&quot;,&quot;jet_parallax_layout_on&quot;:[&quot;desktop&quot;,&quot;tablet&quot;]}]}\">\n\t\t\t\t\t\t<div class=\"elementor-container elementor-column-gap-default\">\n\t\t\t\t\t<div class=\"elementor-column elementor-col-100 elementor-top-column elementor-element elementor-element-5becdb4\" data-id=\"5becdb4\" data-element_type=\"column\">\n\t\t\t<div class=\"elementor-widget-wrap elementor-element-populated\">\n\t\t\t\t\t\t<div class=\"elementor-element elementor-element-48ea6fa elementor-widget elementor-widget-heading\" data-id=\"48ea6fa\" data-element_type=\"widget\" data-widget_type=\"heading.default\">\n\t\t\t\t<div class=\"elementor-widget-container\">\n\t\t\t\t\t<h2 class=\"elementor-heading-title elementor-size-default\">Por Qu\u00e9<\/h2>\t\t\t\t<\/div>\n\t\t\t\t<\/div>\n\t\t\t\t<div class=\"elementor-element elementor-element-9b9d363 elementor-widget elementor-widget-heading\" data-id=\"9b9d363\" data-element_type=\"widget\" data-widget_type=\"heading.default\">\n\t\t\t\t<div class=\"elementor-widget-container\">\n\t\t\t\t\t<h3 class=\"elementor-heading-title elementor-size-default\">\u00bfPor qu\u00e9 se necesitan pol\u00edticas p\u00fablicas para la protecci\u00f3n de los y las DDH?<\/h3>\t\t\t\t<\/div>\n\t\t\t\t<\/div>\n\t\t\t\t<div class=\"elementor-element elementor-element-34f5e2a elementor-widget elementor-widget-text-editor\" data-id=\"34f5e2a\" data-element_type=\"widget\" data-widget_type=\"text-editor.default\">\n\t\t\t\t<div class=\"elementor-widget-container\">\n\t\t\t\t\t\t\t\t\t<p>Aunque la sociedad, en su conjunto, tiene cierta responsabilidad en la construcci\u00f3n de un entorno propicio para la defensa de los derechos humanos, los Estados y sus autoridades p\u00fablicas son, en \u00faltima instancia, responsables de proteger a los y las DDH, m\u00e1s en general, para garantizar la capacidad de ejercer su derecho a defender los derechos humanos. Una gran variedad de normas y recomendaciones formuladas por los organismos de derechos humanos internacionales y regionales apuntan a la obligaci\u00f3n del Estado de adoptar medidas que garanticen que los y las DDH puedan defender los derechos humanos sin temor a sufrir amenazas y ataques. <\/p>\n<p>Dichas recomendaciones se deben aplicar de forma integral, algo que comienza con la creaci\u00f3n de un marco jur\u00eddico favorable y un conjunto de pol\u00edticas p\u00fablicas que coordinan acciones a trav\u00e9s de las instituciones, tanto para prevenir ataques como para poder reaccionar r\u00e1pidamente cuando estos se producen. <\/p>\n<p>En la pr\u00e1ctica, sin embargo, hemos observado que muchos Estados a\u00fan no han adoptado pol\u00edticas amplias para hacer frente a la violencia que existe contra los y las DDH. Solo unos pocos Estados cuentan con mecanismos de protecci\u00f3n, que suelen estar centrados, principalmente, en insuficientes medidas de seguridad ad-hoc \u2014como botones de p\u00e1nico, chalecos antibalas, c\u00e1maras de CCTV, guardaespaldas, etc.\u2014. En realidad, estas medidas no logran reducir la violencia contra los y las DDH, ya que no abordan las causas subyacentes de la violencia estructural que pone a los y las DDH en riesgo.<\/p>\n\t\t\t\t\t\t\t\t<\/div>\n\t\t\t\t<\/div>\n\t\t\t\t<div class=\"elementor-element elementor-element-24ad94f elementor-widget elementor-widget-text-editor\" data-id=\"24ad94f\" data-element_type=\"widget\" data-widget_type=\"text-editor.default\">\n\t\t\t\t<div class=\"elementor-widget-container\">\n\t\t\t\t\t\t\t\t\t<p><em>El problema de la violencia contra los y las DDH es una cuesti\u00f3n compleja, que no se puede resolver con mecanismos de protecci\u00f3n que operan de forma independiente con respecto a otras instituciones gubernamentales y estatales. Se tiene que abordar desde diferentes \u00e1ngulos, coordinando la acci\u00f3n de diferentes actores institucionales. Esta complejidad se puede ver mejor desde la perspectiva de las pol\u00edticas p\u00fablicas.<\/em><\/p>\n\t\t\t\t\t\t\t\t<\/div>\n\t\t\t\t<\/div>\n\t\t\t\t<div class=\"elementor-element elementor-element-ce59da4 elementor-widget elementor-widget-text-editor\" data-id=\"ce59da4\" data-element_type=\"widget\" data-widget_type=\"text-editor.default\">\n\t\t\t\t<div class=\"elementor-widget-container\">\n\t\t\t\t\t\t\t\t\t<p><strong><em>Los mecanismos y las medidas de protecci\u00f3n deben ser parte de las pol\u00edticas p\u00fablicas m\u00e1s amplias que coordinan las leyes, las acciones y los instrumentos encaminados a garantizar el derecho a defender los derechos humanos.<\/em><\/strong><\/p>\n\t\t\t\t\t\t\t\t<\/div>\n\t\t\t\t<\/div>\n\t\t\t\t<div class=\"elementor-element elementor-element-6ba4000 elementor-widget elementor-widget-text-editor\" data-id=\"6ba4000\" data-element_type=\"widget\" data-widget_type=\"text-editor.default\">\n\t\t\t\t<div class=\"elementor-widget-container\">\n\t\t\t\t\t\t\t\t\t<p>Es necesario que todas las pol\u00edticas p\u00fablicas relativas a la protecci\u00f3n de los y las DDH incluyan una comprensi\u00f3n amplia e integral de la Declaraci\u00f3n sobre el derecho y el deber de los individuos, los grupos y las instituciones de promover y proteger los derechos humanos y las libertades fundamentales universalmente reconocidos (com\u00fanmente denominada <a href=\"https:\/\/www.ohchr.org\/Documents\/Issues\/Defenders\/Declaration\/declaration.pdf\">Declaraci\u00f3n de la ONU sobre los defensores de los derechos humanos<\/a>). Tambi\u00e9n deber\u00edan tener en cuenta y aplicar el creciente conjunto de normas establecidas por las resoluciones y declaraciones de la ONU posteriores, as\u00ed como las que han sido acordadas por los organismos regionales.<\/p>\n<p>La formulaci\u00f3n de pol\u00edticas p\u00fablicas, que act\u00faan como hojas de ruta hacia la creaci\u00f3n de un entorno m\u00e1s propicio para los y las DDH, precisa de un cuidadoso proceso de planificaci\u00f3n, ejecuci\u00f3n y evaluaci\u00f3n peri\u00f3dica y, en su caso, las correcciones necesarias. Los procedimientos preestablecidos y los conocimientos t\u00e9cnicos son clave para reducir la influencia pol\u00edtica en el proceso de toma de decisiones. A la hora de formular estas pol\u00edticas p\u00fablicas, lo ideal ser\u00eda consultar con una amplia variedad de expertos, entre los que se incluya no solo al gobierno, sino tambi\u00e9n a DDH y miembros de la sociedad civil a nivel nacional e internacional.<\/p>\n\t\t\t\t\t\t\t\t<\/div>\n\t\t\t\t<\/div>\n\t\t\t\t<div class=\"elementor-element elementor-element-3b43569 elementor-widget elementor-widget-image\" data-id=\"3b43569\" data-element_type=\"widget\" data-widget_type=\"image.default\">\n\t\t\t\t<div class=\"elementor-widget-container\">\n\t\t\t\t\t\t\t\t\t\t\t\t\t\t\t<img fetchpriority=\"high\" decoding=\"async\" width=\"1600\" height=\"900\" src=\"https:\/\/www.focus-obs.org\/wp-content\/uploads\/2021\/06\/FOCUS-ES-3.png\" class=\"attachment-full size-full wp-image-2482\" alt=\"\" srcset=\"https:\/\/www.focus-obs.org\/wp-content\/uploads\/2021\/06\/FOCUS-ES-3.png 1600w, https:\/\/www.focus-obs.org\/wp-content\/uploads\/2021\/06\/FOCUS-ES-3-300x169.png 300w, https:\/\/www.focus-obs.org\/wp-content\/uploads\/2021\/06\/FOCUS-ES-3-1024x576.png 1024w, https:\/\/www.focus-obs.org\/wp-content\/uploads\/2021\/06\/FOCUS-ES-3-768x432.png 768w, https:\/\/www.focus-obs.org\/wp-content\/uploads\/2021\/06\/FOCUS-ES-3-1536x864.png 1536w\" sizes=\"(max-width: 1600px) 100vw, 1600px\" \/>\t\t\t\t\t\t\t\t\t\t\t\t\t\t\t<\/div>\n\t\t\t\t<\/div>\n\t\t\t\t<div class=\"elementor-element elementor-element-dc6e6aa elementor-widget elementor-widget-heading\" data-id=\"dc6e6aa\" data-element_type=\"widget\" data-widget_type=\"heading.default\">\n\t\t\t\t<div class=\"elementor-widget-container\">\n\t\t\t\t\t<h3 class=\"elementor-heading-title elementor-size-default\">\u00bfDe qu\u00e9 forma ayuda el Observatorio a generar mejores pol\u00edticas de protecci\u00f3n y un mejor entorno para los y las DDH?<\/h3>\t\t\t\t<\/div>\n\t\t\t\t<\/div>\n\t\t\t\t<div class=\"elementor-element elementor-element-e92241e elementor-widget elementor-widget-text-editor\" data-id=\"e92241e\" data-element_type=\"widget\" data-widget_type=\"text-editor.default\">\n\t\t\t\t<div class=\"elementor-widget-container\">\n\t\t\t\t\t\t\t\t\t<p>Desde la aprobaci\u00f3n de la <a href=\"https:\/\/www.ohchr.org\/Documents\/Issues\/Defenders\/Declaration\/declaration.pdf_sp\">Declaraci\u00f3n de la ONU sobre los defensores de los derechos humanos<\/a> en 1998, un n\u00famero creciente de Estados han avanzado en la adopci\u00f3n de leyes y mecanismos para la protecci\u00f3n de los y las DDH. Teniendo en cuenta la complejidad y la r\u00e1pida evoluci\u00f3n de este trabajo, no siempre es f\u00e1cil encontrar informaci\u00f3n \u00fatil y actualizada sobre lo que funciona y lo que no. <\/p>\n<pEl Observatorio pretende acompa\u00f1ar los debates p\u00fablicos en curso sobre pol\u00edticas p\u00fablicas nacionales para la protecci\u00f3n de los y las DDH, as\u00ed como facilitar que la Declaraci\u00f3n de la ONU sobre defensores de derechos humanos se materialice en acciones estatales concretas. Al mismo tiempo, el an\u00e1lisis de PI se basa en a\u00f1os de experiencia y tiene en cuenta la variedad de obst\u00e1culos que pueden impedir el ejercicio del derecho a defender los derechos humanos.<\/p>\n<pEl Observatorio es una herramienta \u00fatil para las partes interesadas con obligaciones, legisladores, la sociedad civil y otros actores que participan en la protecci\u00f3n de los y las DDH. A trav\u00e9s de su base de datos, las partes interesadas pueden acceder a informaci\u00f3n relevante, mantenerse informadas de los desarrollos de pol\u00edticas y buscar orientaci\u00f3n o referencias sobre mejores pr\u00e1cticas de otros pa\u00edses.<\/p>\n<p>En resumen, el Observatorio pretende ser una fuente de inspiraci\u00f3n para quienes trabajan en la formulaci\u00f3n de pol\u00edticas nacionales eficaces que defiendan el derecho a defender los derechos humanos.<\/p>\n\t\t\t\t\t\t\t\t<\/div>\n\t\t\t\t<\/div>\n\t\t\t\t\t<\/div>\n\t\t<\/div>\n\t\t\t\t\t<\/div>\n\t\t<\/section>\n\t\t\t\t<section class=\"elementor-section elementor-top-section elementor-element elementor-element-6b32080 elementor-section-boxed elementor-section-height-default elementor-section-height-default\" data-id=\"6b32080\" data-element_type=\"section\" data-settings=\"{&quot;jet_parallax_layout_list&quot;:[{&quot;jet_parallax_layout_image&quot;:{&quot;url&quot;:&quot;&quot;,&quot;id&quot;:&quot;&quot;,&quot;size&quot;:&quot;&quot;},&quot;_id&quot;:&quot;042dfe4&quot;,&quot;jet_parallax_layout_image_tablet&quot;:{&quot;url&quot;:&quot;&quot;,&quot;id&quot;:&quot;&quot;,&quot;size&quot;:&quot;&quot;},&quot;jet_parallax_layout_image_mobile&quot;:{&quot;url&quot;:&quot;&quot;,&quot;id&quot;:&quot;&quot;,&quot;size&quot;:&quot;&quot;},&quot;jet_parallax_layout_speed&quot;:{&quot;unit&quot;:&quot;%&quot;,&quot;size&quot;:50,&quot;sizes&quot;:[]},&quot;jet_parallax_layout_type&quot;:&quot;scroll&quot;,&quot;jet_parallax_layout_direction&quot;:null,&quot;jet_parallax_layout_fx_direction&quot;:null,&quot;jet_parallax_layout_z_index&quot;:&quot;&quot;,&quot;jet_parallax_layout_bg_x&quot;:50,&quot;jet_parallax_layout_bg_x_tablet&quot;:&quot;&quot;,&quot;jet_parallax_layout_bg_x_mobile&quot;:&quot;&quot;,&quot;jet_parallax_layout_bg_y&quot;:50,&quot;jet_parallax_layout_bg_y_tablet&quot;:&quot;&quot;,&quot;jet_parallax_layout_bg_y_mobile&quot;:&quot;&quot;,&quot;jet_parallax_layout_bg_size&quot;:&quot;auto&quot;,&quot;jet_parallax_layout_bg_size_tablet&quot;:&quot;&quot;,&quot;jet_parallax_layout_bg_size_mobile&quot;:&quot;&quot;,&quot;jet_parallax_layout_animation_prop&quot;:&quot;transform&quot;,&quot;jet_parallax_layout_on&quot;:[&quot;desktop&quot;,&quot;tablet&quot;]}]}\">\n\t\t\t\t\t\t<div class=\"elementor-container elementor-column-gap-default\">\n\t\t\t\t\t<div class=\"elementor-column elementor-col-100 elementor-top-column elementor-element elementor-element-2a0d0e0\" data-id=\"2a0d0e0\" data-element_type=\"column\">\n\t\t\t<div class=\"elementor-widget-wrap elementor-element-populated\">\n\t\t\t\t\t\t<div class=\"elementor-element elementor-element-1b8a0f5 elementor-widget elementor-widget-button\" data-id=\"1b8a0f5\" data-element_type=\"widget\" data-widget_type=\"button.default\">\n\t\t\t\t<div class=\"elementor-widget-container\">\n\t\t\t\t\t\t\t\t\t<div class=\"elementor-button-wrapper\">\n\t\t\t\t\t<a class=\"elementor-button elementor-button-link elementor-size-sm\" href=\"https:\/\/www.focus-obs.org\/es\/about-us\/acerca-de-este-proyecto-quien\/\">\n\t\t\t\t\t\t<span class=\"elementor-button-content-wrapper\">\n\t\t\t\t\t\t<span class=\"elementor-button-icon\">\n\t\t\t\t<i aria-hidden=\"true\" class=\"far fa-arrow-alt-circle-left\"><\/i>\t\t\t<\/span>\n\t\t\t\t\t\t\t\t\t<span class=\"elementor-button-text\">ACERCA DE ESTE PROYECTO - QUI\u00c9N<\/span>\n\t\t\t\t\t<\/span>\n\t\t\t\t\t<\/a>\n\t\t\t\t<\/div>\n\t\t\t\t\t\t\t\t<\/div>\n\t\t\t\t<\/div>\n\t\t\t\t\t<\/div>\n\t\t<\/div>\n\t\t\t\t\t<\/div>\n\t\t<\/section>\n\t\t\t\t<\/div>\n\t\t","protected":false},"excerpt":{"rendered":"<p>ACERCA DE ESTE PROYECTO Por Qu\u00e9 \u00bfPor qu\u00e9 se necesitan pol\u00edticas p\u00fablicas para la protecci\u00f3n de los y las DDH? Aunque la sociedad, en su conjunto, tiene cierta responsabilidad en la construcci\u00f3n de un entorno propicio para la defensa de los derechos humanos, los Estados y sus autoridades p\u00fablicas son, en \u00faltima instancia, responsables de [&hellip;]<\/p>\n","protected":false},"author":1,"featured_media":0,"parent":977,"menu_order":0,"comment_status":"closed","ping_status":"closed","template":"elementor_header_footer","meta":{"_monsterinsights_skip_tracking":false,"_monsterinsights_sitenote_active":false,"_monsterinsights_sitenote_note":"","_monsterinsights_sitenote_category":0,"footnotes":""},"class_list":["post-1124","page","type-page","status-publish","hentry"],"_links":{"self":[{"href":"https:\/\/www.focus-obs.org\/es\/wp-json\/wp\/v2\/pages\/1124","targetHints":{"allow":["GET"]}}],"collection":[{"href":"https:\/\/www.focus-obs.org\/es\/wp-json\/wp\/v2\/pages"}],"about":[{"href":"https:\/\/www.focus-obs.org\/es\/wp-json\/wp\/v2\/types\/page"}],"author":[{"embeddable":true,"href":"https:\/\/www.focus-obs.org\/es\/wp-json\/wp\/v2\/users\/1"}],"replies":[{"embeddable":true,"href":"https:\/\/www.focus-obs.org\/es\/wp-json\/wp\/v2\/comments?post=1124"}],"version-history":[{"count":12,"href":"https:\/\/www.focus-obs.org\/es\/wp-json\/wp\/v2\/pages\/1124\/revisions"}],"predecessor-version":[{"id":2491,"href":"https:\/\/www.focus-obs.org\/es\/wp-json\/wp\/v2\/pages\/1124\/revisions\/2491"}],"up":[{"embeddable":true,"href":"https:\/\/www.focus-obs.org\/es\/wp-json\/wp\/v2\/pages\/977"}],"wp:attachment":[{"href":"https:\/\/www.focus-obs.org\/es\/wp-json\/wp\/v2\/media?parent=1124"}],"curies":[{"name":"wp","href":"https:\/\/api.w.org\/{rel}","templated":true}]}}