{"id":10158,"date":"2023-03-01T16:18:09","date_gmt":"2023-03-01T15:18:09","guid":{"rendered":"https:\/\/www.focus-obs.org\/test\/"},"modified":"2023-03-07T10:47:38","modified_gmt":"2023-03-07T09:47:38","slug":"25-yr-protection-human-rights-defenders-colombia","status":"publish","type":"page","link":"https:\/\/www.focus-obs.org\/es\/25-yr-protection-human-rights-defenders-colombia\/","title":{"rendered":"25 a\u00f1os de normas para la protecci\u00f3n de las personas defensoras de los derechos humanos en Colombia"},"content":{"rendered":"\t\t<div data-elementor-type=\"wp-page\" data-elementor-id=\"10158\" class=\"elementor elementor-10158 elementor-10108\" data-elementor-post-type=\"page\">\n\t\t\t\t<div class=\"elementor-element elementor-element-1f4b82a e-flex e-con-boxed e-con e-parent\" data-id=\"1f4b82a\" data-element_type=\"container\" data-settings=\"{&quot;background_background&quot;:&quot;classic&quot;,&quot;jet_parallax_layout_list&quot;:[]}\">\n\t\t\t\t\t<div class=\"e-con-inner\">\n\t\t<div class=\"elementor-element elementor-element-cbea6ec e-flex e-con-boxed e-con e-parent\" data-id=\"cbea6ec\" data-element_type=\"container\" data-settings=\"{&quot;jet_parallax_layout_list&quot;:[]}\">\n\t\t\t\t\t<div class=\"e-con-inner\">\n\t\t\t\t<div class=\"elementor-element elementor-element-be02dba elementor-widget elementor-widget-heading\" data-id=\"be02dba\" data-element_type=\"widget\" data-widget_type=\"heading.default\">\n\t\t\t\t<div class=\"elementor-widget-container\">\n\t\t\t\t\t<h2 class=\"elementor-heading-title elementor-size-default\">25 a\u00f1os de normativas para las personas defensoras de derechos humanos<\/h2>\t\t\t\t<\/div>\n\t\t\t\t<\/div>\n\t\t\t\t\t<\/div>\n\t\t\t\t<\/div>\n\t\t\t\t\t<\/div>\n\t\t\t\t<\/div>\n\t\t<div class=\"elementor-element elementor-element-7d5bf70 e-flex e-con-boxed e-con e-parent\" data-id=\"7d5bf70\" data-element_type=\"container\" data-settings=\"{&quot;jet_parallax_layout_list&quot;:[]}\">\n\t\t\t\t\t<div class=\"e-con-inner\">\n\t\t\t\t<div class=\"elementor-element elementor-element-5d51c92 elementor-widget elementor-widget-text-editor\" data-id=\"5d51c92\" data-element_type=\"widget\" data-widget_type=\"text-editor.default\">\n\t\t\t\t<div class=\"elementor-widget-container\">\n\t\t\t\t\t\t\t\t\t<p>Hace 25 a\u00f1os fue expedida en Colombia la primera ley que sirve como mecanismo de protecci\u00f3n para las personas en riesgo como consecuencia del conflicto armado (diciembre de 1997). Esta es tambi\u00e9n la primera ley aplicable a las personas defensoras de derechos humanos. Por eso, desde Protection International (PI), realizamos esta infograf\u00eda sistematizada, que recoge en una l\u00ednea de tiempo las diversas normativas existentes en el pa\u00eds por los diferentes gobiernos a lo largo de estas dos d\u00e9cadas y media. Este trabajo identifica, adem\u00e1s, los elementos m\u00e1s destacados de la situaci\u00f3n de riesgo que han enfrentado las <strong>personas defensoras<\/strong> y l\u00edderes sociales durante estos 25 a\u00f1os; y la incesante ausencia de garant\u00edas para el ejercicio del derecho a defender los derechos humanos en Colombia. El objetivo de este marco legislativo ha sido contrarrestar las agresiones en contra de las <strong>personas defensoras<\/strong> de derechos humanos, pero \u00bfhan sido \u00fatiles? \u00bfsuficientes? \u00bfhan contribuido a garantizar la vida y el derecho a defender los derechos humanos?<\/p>\t\t\t\t\t\t\t\t<\/div>\n\t\t\t\t<\/div>\n\t\t\t\t\t<\/div>\n\t\t\t\t<\/div>\n\t\t<div class=\"elementor-element elementor-element-1fd5509 e-con-full e-flex e-con e-parent\" data-id=\"1fd5509\" data-element_type=\"container\" data-settings=\"{&quot;jet_parallax_layout_list&quot;:[]}\">\n\t\t\t\t<div class=\"elementor-element elementor-element-69718f9 elementor-widget elementor-widget-text-editor\" data-id=\"69718f9\" data-element_type=\"widget\" data-widget_type=\"text-editor.default\">\n\t\t\t\t<div class=\"elementor-widget-container\">\n\t\t\t\t\t\t\t\t\t\n<p><script src=\"https:\/\/cdn.jsdelivr.net\/gh\/worldoptimizer\/HypeActionEvents\/HypeActionEvents.min.js\"><\/script><\/p>\n<div id=\"index_hype_container\" class=\"HYPE_document\" style=\"margin: auto; position: relative; width: 375px; height: 812px; overflow: hidden;\"><noscript>\n\t\t\t<img decoding=\"async\" src=\"\/index.hyperesources\/poster.jpg\" width=\"100%\" height=\"100%\">\n\t\t<\/noscript><script type=\"text\/javascript\" charset=\"utf-8\" src=\"\/index.hyperesources\/index_hype_generated_script.js?35237\"><\/script><\/div>\n\t\t\t\t\t\t\t\t<\/div>\n\t\t\t\t<\/div>\n\t\t\t\t<\/div>\n\t\t<div class=\"elementor-element elementor-element-a95ba29 e-flex e-con-boxed e-con e-parent\" data-id=\"a95ba29\" data-element_type=\"container\" data-settings=\"{&quot;jet_parallax_layout_list&quot;:[]}\">\n\t\t\t\t\t<div class=\"e-con-inner\">\n\t\t\t\t<div class=\"elementor-element elementor-element-1c38623 elementor-widget elementor-widget-text-editor\" data-id=\"1c38623\" data-element_type=\"widget\" data-widget_type=\"text-editor.default\">\n\t\t\t\t<div class=\"elementor-widget-container\">\n\t\t\t\t\t\t\t\t\t<p>Encuentren el texto introductorio <a href=\"https:\/\/www.focus-obs.org\/es\/documents\/25-years-protection-defenders-colombia-infographic\/\" target=\"_blank\" rel=\"noopener\">aqu\u00ed<\/a>. <\/p>\t\t\t\t\t\t\t\t<\/div>\n\t\t\t\t<\/div>\n\t\t\t\t\t<\/div>\n\t\t\t\t<\/div>\n\t\t\t\t<\/div>\n\t\t","protected":false},"excerpt":{"rendered":"<p>25 a\u00f1os de normativas para las personas defensoras de derechos humanos Hace 25 a\u00f1os fue expedida en Colombia la primera ley que sirve como mecanismo de protecci\u00f3n para las personas en riesgo como consecuencia del conflicto armado (diciembre de 1997). Esta es tambi\u00e9n la primera ley aplicable a las personas defensoras de derechos humanos. Por [&hellip;]<\/p>\n","protected":false},"author":1,"featured_media":10032,"parent":0,"menu_order":0,"comment_status":"closed","ping_status":"closed","template":"elementor_header_footer","meta":{"_monsterinsights_skip_tracking":false,"_monsterinsights_sitenote_active":false,"_monsterinsights_sitenote_note":"","_monsterinsights_sitenote_category":0,"footnotes":""},"class_list":["post-10158","page","type-page","status-publish","has-post-thumbnail","hentry"],"_links":{"self":[{"href":"https:\/\/www.focus-obs.org\/es\/wp-json\/wp\/v2\/pages\/10158","targetHints":{"allow":["GET"]}}],"collection":[{"href":"https:\/\/www.focus-obs.org\/es\/wp-json\/wp\/v2\/pages"}],"about":[{"href":"https:\/\/www.focus-obs.org\/es\/wp-json\/wp\/v2\/types\/page"}],"author":[{"embeddable":true,"href":"https:\/\/www.focus-obs.org\/es\/wp-json\/wp\/v2\/users\/1"}],"replies":[{"embeddable":true,"href":"https:\/\/www.focus-obs.org\/es\/wp-json\/wp\/v2\/comments?post=10158"}],"version-history":[{"count":24,"href":"https:\/\/www.focus-obs.org\/es\/wp-json\/wp\/v2\/pages\/10158\/revisions"}],"predecessor-version":[{"id":10266,"href":"https:\/\/www.focus-obs.org\/es\/wp-json\/wp\/v2\/pages\/10158\/revisions\/10266"}],"wp:featuredmedia":[{"embeddable":true,"href":"https:\/\/www.focus-obs.org\/es\/wp-json\/wp\/v2\/media\/10032"}],"wp:attachment":[{"href":"https:\/\/www.focus-obs.org\/es\/wp-json\/wp\/v2\/media?parent=10158"}],"curies":[{"name":"wp","href":"https:\/\/api.w.org\/{rel}","templated":true}]}}